{"id":71,"date":"2021-02-28T18:15:25","date_gmt":"2021-02-28T17:15:25","guid":{"rendered":"https:\/\/fsphilpol.fk14.tu-dortmund.de\/?page_id=71"},"modified":"2023-10-06T14:06:10","modified_gmt":"2023-10-06T12:06:10","slug":"links","status":"publish","type":"page","link":"https:\/\/fsphilpol.fk14.tu-dortmund.de\/index.php\/links\/","title":{"rendered":"Links"},"content":{"rendered":"\n<p>Pr\u00e4sentation Institut:<\/p>\n\n\n\n<div class=\"wp-block-file\"><a id=\"wp-block-file--media-7b11818c-8208-45ff-82d2-84841cdb3a3c\" href=\"https:\/\/fsphilpol.fk14.tu-dortmund.de\/wp-content\/uploads\/Informationsveranstaltung_aktuellste-Version.pdf\">Informationsveranstaltung<\/a><a href=\"https:\/\/fsphilpol.fk14.tu-dortmund.de\/wp-content\/uploads\/Informationsveranstaltung_aktuellste-Version.pdf\" class=\"wp-block-file__button wp-element-button\" download aria-describedby=\"wp-block-file--media-7b11818c-8208-45ff-82d2-84841cdb3a3c\">Herunterladen<\/a><\/div>\n\n\n\n<p><mark style=\"background-color:rgba(0, 0, 0, 0);color:#649600\" class=\"has-inline-color\">Erkl\u00e4rvideos<\/mark> rund um Fragen in Bezug auf das Studium (und die unten stehenden Links) findet ihr auf unserer Moodle-Seite:   <a href=\"https:\/\/moodle.tu-dortmund.de\/course\/view.php?id=21633\" target=\"_blank\" rel=\"noreferrer noopener\">https:\/\/moodle.tu-dortmund.de\/course\/view.php?id=21633<\/a><\/p>\n\n\n\n<ul class=\"wp-block-list\">\n<li>LSF: <a rel=\"noreferrer noopener\" href=\"http:\/\/lsf.tu-dortmund.de\/\" target=\"_blank\">http:\/\/lsf.tu-dortmund.de\/<\/a><\/li>\n<\/ul>\n\n\n\n<ul class=\"wp-block-list\">\n<li>BOSS: <a rel=\"noreferrer noopener\" href=\"http:\/\/boss.tu-dortmund.de\/\" target=\"_blank\">http:\/\/boss.tu-dortmund.de\/<\/a><\/li>\n<\/ul>\n\n\n\n<ul class=\"wp-block-list\">\n<li>UNIMAIL: &nbsp;<a href=\"https:\/\/webmail.tu-dortmund.de\/roundcubemail\/\" target=\"_blank\" rel=\"noreferrer noopener\">https:\/\/webmail.tu-dortmund.de\/roundcubemail\/<\/a><\/li>\n<\/ul>\n\n\n\n<ul class=\"wp-block-list\">\n<li>MOODLE: <a rel=\"noreferrer noopener\" href=\"https:\/\/moodle.tu-dortmund.de\" target=\"_blank\">https:\/\/moodle.tu-dortmund.de<\/a><\/li>\n<\/ul>\n\n\n\n<ul class=\"wp-block-list\">\n<li><a href=\"http:\/\/www.mapp.tu-dortmund.de\/cms\/de\/home\/\" target=\"_blank\" rel=\"noreferrer noopener\">Seite des MAPP<\/a><\/li>\n<\/ul>\n\n\n\n<ul class=\"wp-block-list\">\n<li><a href=\"http:\/\/marepol.tu-dortmund.de\/cms\/de\/\" target=\"_blank\" rel=\"noreferrer noopener\">Seite des MaRePol<\/a><\/li>\n<\/ul>\n\n\n\n<ul class=\"wp-block-list\">\n<li><a href=\"https:\/\/asta-dortmund.de\/2021\/08\/05\/faq-fragen-und-antworten-zu-online-pruefungen-2\/\" target=\"_blank\" rel=\"noreferrer noopener\">Infos zu Online-Pr\u00fcfungen<\/a><\/li>\n<\/ul>\n\n\n\n<div style=\"height:50px\" aria-hidden=\"true\" class=\"wp-block-spacer\"><\/div>\n\n\n\n<p>SUDIENVERLAUFSPL\u00c4NE UND MODULHANDB\u00dcCHER<\/p>\n\n\n\n<p><\/p>\n\n\n\n<p>Zum WiSe 2022\/2023 wird es neue Pl\u00e4ne und Modulhandb\u00fccher geben! F\u00fcr weitere Infos siehe: <a href=\"https:\/\/ipp.ht.tu-dortmund.de\/studium\/philosophie\/studiengaenge\/\" target=\"_blank\" rel=\"noreferrer noopener\">Website des Instituts<\/a> -&gt; hier findet ihr auch Infos zur Anrechnung von Modulen, Formulare f\u00fcr Leistungsnachweise etc&#8230;<\/p>\n\n\n\n<div class=\"wp-block-file\"><a id=\"wp-block-file--media-20b5f6a7-dab9-43fa-af65-7a9f03c101b5\" href=\"https:\/\/fsphilpol.fk14.tu-dortmund.de\/wp-content\/uploads\/Studienverlaufsplan_und_Modulubersichten_LA_Philo-1.pdf\">Studienverlaufsplan_und_Modulubersichten_LA_Philo-1<\/a><a href=\"https:\/\/fsphilpol.fk14.tu-dortmund.de\/wp-content\/uploads\/Studienverlaufsplan_und_Modulubersichten_LA_Philo-1.pdf\" class=\"wp-block-file__button wp-element-button\" download aria-describedby=\"wp-block-file--media-20b5f6a7-dab9-43fa-af65-7a9f03c101b5\">Herunterladen<\/a><\/div>\n\n\n\n<p>Lehramt Gy\/Ge (ab WiSe 2022) NEU!<\/p>\n\n\n\n<ul class=\"wp-block-list\">\n<li><a href=\"https:\/\/ipp.ht.tu-dortmund.de\/storages\/ipp-ht\/r\/Dokumente\/Modulhandbuecher__Studienordnungen__Leitfaeden__etc\/GyGe\/N_BA_LABG_2016_GyGe_Modulhandbuch_ab_WiSe_2022-23.pdf\" target=\"_blank\" rel=\"noreferrer noopener\">Modulhandbuch und Studienverlaufsplan &#8211; Bachelor<\/a> <\/li>\n<\/ul>\n\n\n\n<p>Lehramt Gy\/Ge <\/p>\n\n\n\n<ul class=\"wp-block-list\">\n<li><a href=\"https:\/\/ipp.ht.tu-dortmund.de\/storages\/ipp-ht\/r\/Dokumente\/Modulhandbuecher__Studienordnungen__Leitfaeden__etc\/GyGe\/Philosophie_Studienverlaufsplan_BA_ab-WS1516.pdf\" target=\"_blank\" rel=\"noreferrer noopener\">Studienverlaufsplan Bachelor<\/a><\/li>\n\n\n\n<li><a href=\"https:\/\/ipp.ht.tu-dortmund.de\/storages\/ipp-ht\/r\/Dokumente\/Modulhandbuecher__Studienordnungen__Leitfaeden__etc\/GyGe\/Philosophie_Modulhandbuch_seit-WS-15-16_29_1_20_1_.pdf\" target=\"_blank\" rel=\"noreferrer noopener\">Modulhandbuch Bachelor und Master<\/a><\/li>\n\n\n\n<li><a href=\"https:\/\/ipp.ht.tu-dortmund.de\/storages\/ipp-ht\/r\/Dokumente\/Modulhandbuecher__Studienordnungen__Leitfaeden__etc\/GyGe\/Master\/Philosophie_Studienverlaufsplan_MA_ab-WS15161.pdf\" target=\"_blank\" rel=\"noreferrer noopener\">Studienverlaufsplan Master<\/a><\/li>\n<\/ul>\n\n\n\n<p>Lehramt HRSGe (ab WiSe 2022) NEU!<\/p>\n\n\n\n<ul class=\"wp-block-list\">\n<li><a href=\"https:\/\/ipp.ht.tu-dortmund.de\/storages\/ipp-ht\/r\/Dokumente\/Modulhandbuecher__Studienordnungen__Leitfaeden__etc\/HRSGe\/vorlaeufig_BA_LABG_2016_HRSGe_Modulhandbuch_ab_WiSe_2022-23.pdf\" target=\"_blank\" rel=\"noreferrer noopener\">Modulhandbuch und Studienverlaufsplan Bachelor<\/a><\/li>\n<\/ul>\n\n\n\n<p>Lehramt HRSGe <\/p>\n\n\n\n<ul class=\"wp-block-list\">\n<li><a href=\"https:\/\/ipp.ht.tu-dortmund.de\/storages\/ipp-ht\/r\/Dokumente\/Modulhandbuecher__Studienordnungen__Leitfaeden__etc\/HRSGe\/Studienverlauf-Bachelor-HRSGe.pdf\" target=\"_blank\" rel=\"noreferrer noopener\">Studienverlaufsplan Bachelor<\/a><\/li>\n\n\n\n<li><a href=\"https:\/\/ipp.ht.tu-dortmund.de\/storages\/ipp-ht\/r\/Dokumente\/Modulhandbuecher__Studienordnungen__Leitfaeden__etc\/HRSGe\/Praktische-Philosophie-Modulhandbuch_23_03_2020.pdf\" target=\"_blank\" rel=\"noreferrer noopener\">Modulhandbuch Bachelor und Master<\/a><\/li>\n\n\n\n<li><a href=\"https:\/\/ipp.ht.tu-dortmund.de\/storages\/ipp-ht\/r\/Dokumente\/Modulhandbuecher__Studienordnungen__Leitfaeden__etc\/HRSGe\/Master\/Studienverlauf-Master-HRSGe.pdf\" target=\"_blank\" rel=\"noreferrer noopener\">Studienverlaufsplan Master<\/a><\/li>\n<\/ul>\n\n\n\n<p>Nebenfach (wird derzeit \u00fcberarbeitet)<\/p>\n\n\n\n<ul class=\"wp-block-list\">\n<li><a href=\"https:\/\/ipp.ht.tu-dortmund.de\/storages\/ipp-ht\/r\/Dokumente\/Modulhandbuecher__Studienordnungen__Leitfaeden__etc\/Nebenfach\/Nebenfach-Modulhandbuch_2023.pdf\">Modulhandbuch Nebenfach<\/a><\/li>\n<\/ul>\n\n\n\n<p>MAPP\/MaRePol<\/p>\n\n\n\n<ul class=\"wp-block-list\">\n<li><a href=\"http:\/\/www.mapp.tu-dortmund.de\/cms\/Medienpool\/Masterstudiengang_Philosophie_und_Politikwissenschaft_-_Musterstudienverlaufsplan_2019-8-15.pdf\" target=\"_blank\" rel=\"noreferrer noopener\">Studienverlaufsplan MAPP<\/a><\/li>\n\n\n\n<li><a href=\"http:\/\/www.mapp.tu-dortmund.de\/cms\/Medienpool\/Masterstudiengang_Philosophie_und_Politikwissenschaft_-_Modulhandbuch_2015-7-9.pdf\" target=\"_blank\" rel=\"noreferrer noopener\">Modulhandbuch MAPP<\/a><\/li>\n\n\n\n<li><a href=\"http:\/\/marepol.tu-dortmund.de\/cms\/Medienpool\/189311_TU_Dortmund_MAREPOL_Studienverlaufsplan_20190321_RZ.pdf\" target=\"_blank\" rel=\"noreferrer noopener\">Studienverlaufsplan MaRePol<\/a><\/li>\n\n\n\n<li><a href=\"http:\/\/marepol.tu-dortmund.de\/cms\/Medienpool\/Modulhandbuch-MAREPOL.pdf\" target=\"_blank\" rel=\"noreferrer noopener\">Modulhandbuch MaRePol<\/a><\/li>\n<\/ul>\n\n\n\n<hr class=\"wp-block-separator has-text-color has-css-opacity has-background is-style-wide\" style=\"background-color:#649600;color:#649600\"\/>\n\n\n\n<p>PSYCHOLOGISCHE STUDIENBERATUNG: <a href=\"https:\/\/www.tu-dortmund.de\/psychologischeberatung\/\">https:\/\/www.tu-dortmund.de\/psychologischeberatung\/<\/a><\/p>\n\n\n\n<ul class=\"wp-block-list\">\n<li>die psychologische Studienberatung ist kostenlos und bietet nicht nur <span style=\"color:#649600\" class=\"has-inline-color\">Einzelgespr\u00e4che<\/span>, sondern auch <span style=\"color:#649600\" class=\"has-inline-color\">Coachinggruppen<\/span> an<\/li>\n\n\n\n<li>gerade w\u00e4hrend der Pandemiezeit ist das Leben um einiges schwieriger geworden, zum Beispiel in Bezug auf die Motivation, deshalb schaut auf der Website vorbei, wenn es euch nicht gut geht!<\/li>\n<\/ul>\n","protected":false},"excerpt":{"rendered":"<p>Pr\u00e4sentation Institut: Erkl\u00e4rvideos rund um Fragen in Bezug auf das Studium (und die unten stehenden Links) findet ihr auf unserer Moodle-Seite: https:\/\/moodle.tu-dortmund.de\/course\/view.php?id=21633 SUDIENVERLAUFSPL\u00c4NE UND MODULHANDB\u00dcCHER Zum WiSe 2022\/2023 wird es neue Pl\u00e4ne und Modulhandb\u00fccher geben! F\u00fcr weitere Infos siehe: Website des Instituts -&gt; hier findet ihr auch Infos zur Anrechnung von Modulen, Formulare f\u00fcr Leistungsnachweise [&hellip;]<\/p>\n","protected":false},"author":2,"featured_media":0,"parent":0,"menu_order":0,"comment_status":"closed","ping_status":"closed","template":"","meta":{"footnotes":""},"class_list":["post-71","page","type-page","status-publish","hentry"],"yoast_head":"<!-- This site is optimized with the Yoast SEO plugin v27.4 - https:\/\/yoast.com\/product\/yoast-seo-wordpress\/ -->\n<title>Links - Fachschaft Philosophie und Politikwissenschaft<\/title>\n<meta name=\"description\" content=\"Fachschaft Philosophie und Politikwissenschaft - Offizielle Webseite der Fachschaft Philosophie und Politikwissenschaft an der TU Dortmund, an der Fakult\u00e4t f\u00fcr Humanwissenschaften und Theologie\" \/>\n<meta name=\"robots\" content=\"index, follow, max-snippet:-1, max-image-preview:large, max-video-preview:-1\" \/>\n<link rel=\"canonical\" href=\"https:\/\/fsphilpol.fk14.tu-dortmund.de\/index.php\/links\/\" \/>\n<meta property=\"og:locale\" content=\"de_DE\" \/>\n<meta property=\"og:type\" content=\"article\" \/>\n<meta property=\"og:title\" content=\"Links - Fachschaft Philosophie und Politikwissenschaft\" \/>\n<meta property=\"og:description\" content=\"Fachschaft Philosophie und Politikwissenschaft - Offizielle Webseite der Fachschaft Philosophie und Politikwissenschaft an der TU Dortmund, an der Fakult\u00e4t f\u00fcr Humanwissenschaften und Theologie\" \/>\n<meta property=\"og:url\" content=\"https:\/\/fsphilpol.fk14.tu-dortmund.de\/index.php\/links\/\" \/>\n<meta property=\"og:site_name\" content=\"Fachschaft Philosophie und Politikwissenschaft\" \/>\n<meta property=\"article:modified_time\" content=\"2023-10-06T12:06:10+00:00\" \/>\n<meta name=\"twitter:card\" content=\"summary_large_image\" \/>\n<meta name=\"twitter:label1\" content=\"Gesch\u00e4tzte Lesezeit\" \/>\n\t<meta name=\"twitter:data1\" content=\"1\u00a0Minute\" \/>\n<script type=\"application\/ld+json\" class=\"yoast-schema-graph\">{\"@context\":\"https:\\\/\\\/schema.org\",\"@graph\":[{\"@type\":\"WebPage\",\"@id\":\"https:\\\/\\\/fsphilpol.fk14.tu-dortmund.de\\\/index.php\\\/links\\\/\",\"url\":\"https:\\\/\\\/fsphilpol.fk14.tu-dortmund.de\\\/index.php\\\/links\\\/\",\"name\":\"Links - Fachschaft Philosophie und Politikwissenschaft\",\"isPartOf\":{\"@id\":\"https:\\\/\\\/fsphilpol.fk14.tu-dortmund.de\\\/#website\"},\"datePublished\":\"2021-02-28T17:15:25+00:00\",\"dateModified\":\"2023-10-06T12:06:10+00:00\",\"description\":\"Fachschaft Philosophie und Politikwissenschaft - Offizielle Webseite der Fachschaft Philosophie und Politikwissenschaft an der TU Dortmund, an der Fakult\u00e4t f\u00fcr Humanwissenschaften und Theologie\",\"breadcrumb\":{\"@id\":\"https:\\\/\\\/fsphilpol.fk14.tu-dortmund.de\\\/index.php\\\/links\\\/#breadcrumb\"},\"inLanguage\":\"de\",\"potentialAction\":[{\"@type\":\"ReadAction\",\"target\":[\"https:\\\/\\\/fsphilpol.fk14.tu-dortmund.de\\\/index.php\\\/links\\\/\"]}]},{\"@type\":\"BreadcrumbList\",\"@id\":\"https:\\\/\\\/fsphilpol.fk14.tu-dortmund.de\\\/index.php\\\/links\\\/#breadcrumb\",\"itemListElement\":[{\"@type\":\"ListItem\",\"position\":1,\"name\":\"Startseite\",\"item\":\"https:\\\/\\\/fsphilpol.fk14.tu-dortmund.de\\\/\"},{\"@type\":\"ListItem\",\"position\":2,\"name\":\"Links\"}]},{\"@type\":\"WebSite\",\"@id\":\"https:\\\/\\\/fsphilpol.fk14.tu-dortmund.de\\\/#website\",\"url\":\"https:\\\/\\\/fsphilpol.fk14.tu-dortmund.de\\\/\",\"name\":\"Fachschaft Philosophie und Politikwissenschaft\",\"description\":\"TU Dortmund\",\"publisher\":{\"@id\":\"https:\\\/\\\/fsphilpol.fk14.tu-dortmund.de\\\/#organization\"},\"potentialAction\":[{\"@type\":\"SearchAction\",\"target\":{\"@type\":\"EntryPoint\",\"urlTemplate\":\"https:\\\/\\\/fsphilpol.fk14.tu-dortmund.de\\\/?s={search_term_string}\"},\"query-input\":{\"@type\":\"PropertyValueSpecification\",\"valueRequired\":true,\"valueName\":\"search_term_string\"}}],\"inLanguage\":\"de\"},{\"@type\":\"Organization\",\"@id\":\"https:\\\/\\\/fsphilpol.fk14.tu-dortmund.de\\\/#organization\",\"name\":\"Fachschaft Philosophie und Politikwissenschaft der TU Dortmund\",\"url\":\"https:\\\/\\\/fsphilpol.fk14.tu-dortmund.de\\\/\",\"logo\":{\"@type\":\"ImageObject\",\"inLanguage\":\"de\",\"@id\":\"https:\\\/\\\/fsphilpol.fk14.tu-dortmund.de\\\/#\\\/schema\\\/logo\\\/image\\\/\",\"url\":\"https:\\\/\\\/fsphilpol.fk14.tu-dortmund.de\\\/wp-content\\\/uploads\\\/2021\\\/02\\\/cropped-cropped-fachschaft-logo-scaled-4.jpg\",\"contentUrl\":\"https:\\\/\\\/fsphilpol.fk14.tu-dortmund.de\\\/wp-content\\\/uploads\\\/2021\\\/02\\\/cropped-cropped-fachschaft-logo-scaled-4.jpg\",\"width\":512,\"height\":512,\"caption\":\"Fachschaft Philosophie und Politikwissenschaft der TU Dortmund\"},\"image\":{\"@id\":\"https:\\\/\\\/fsphilpol.fk14.tu-dortmund.de\\\/#\\\/schema\\\/logo\\\/image\\\/\"}}]}<\/script>\n<!-- \/ Yoast SEO plugin. -->","yoast_head_json":{"title":"Links - Fachschaft Philosophie und Politikwissenschaft","description":"Fachschaft Philosophie und Politikwissenschaft - Offizielle Webseite der Fachschaft Philosophie und Politikwissenschaft an der TU Dortmund, an der Fakult\u00e4t f\u00fcr Humanwissenschaften und Theologie","robots":{"index":"index","follow":"follow","max-snippet":"max-snippet:-1","max-image-preview":"max-image-preview:large","max-video-preview":"max-video-preview:-1"},"canonical":"https:\/\/fsphilpol.fk14.tu-dortmund.de\/index.php\/links\/","og_locale":"de_DE","og_type":"article","og_title":"Links - Fachschaft Philosophie und Politikwissenschaft","og_description":"Fachschaft Philosophie und Politikwissenschaft - Offizielle Webseite der Fachschaft Philosophie und Politikwissenschaft an der TU Dortmund, an der Fakult\u00e4t f\u00fcr Humanwissenschaften und Theologie","og_url":"https:\/\/fsphilpol.fk14.tu-dortmund.de\/index.php\/links\/","og_site_name":"Fachschaft Philosophie und Politikwissenschaft","article_modified_time":"2023-10-06T12:06:10+00:00","twitter_card":"summary_large_image","twitter_misc":{"Gesch\u00e4tzte Lesezeit":"1\u00a0Minute"},"schema":{"@context":"https:\/\/schema.org","@graph":[{"@type":"WebPage","@id":"https:\/\/fsphilpol.fk14.tu-dortmund.de\/index.php\/links\/","url":"https:\/\/fsphilpol.fk14.tu-dortmund.de\/index.php\/links\/","name":"Links - Fachschaft Philosophie und Politikwissenschaft","isPartOf":{"@id":"https:\/\/fsphilpol.fk14.tu-dortmund.de\/#website"},"datePublished":"2021-02-28T17:15:25+00:00","dateModified":"2023-10-06T12:06:10+00:00","description":"Fachschaft Philosophie und Politikwissenschaft - Offizielle Webseite der Fachschaft Philosophie und Politikwissenschaft an der TU Dortmund, an der Fakult\u00e4t f\u00fcr Humanwissenschaften und Theologie","breadcrumb":{"@id":"https:\/\/fsphilpol.fk14.tu-dortmund.de\/index.php\/links\/#breadcrumb"},"inLanguage":"de","potentialAction":[{"@type":"ReadAction","target":["https:\/\/fsphilpol.fk14.tu-dortmund.de\/index.php\/links\/"]}]},{"@type":"BreadcrumbList","@id":"https:\/\/fsphilpol.fk14.tu-dortmund.de\/index.php\/links\/#breadcrumb","itemListElement":[{"@type":"ListItem","position":1,"name":"Startseite","item":"https:\/\/fsphilpol.fk14.tu-dortmund.de\/"},{"@type":"ListItem","position":2,"name":"Links"}]},{"@type":"WebSite","@id":"https:\/\/fsphilpol.fk14.tu-dortmund.de\/#website","url":"https:\/\/fsphilpol.fk14.tu-dortmund.de\/","name":"Fachschaft Philosophie und Politikwissenschaft","description":"TU Dortmund","publisher":{"@id":"https:\/\/fsphilpol.fk14.tu-dortmund.de\/#organization"},"potentialAction":[{"@type":"SearchAction","target":{"@type":"EntryPoint","urlTemplate":"https:\/\/fsphilpol.fk14.tu-dortmund.de\/?s={search_term_string}"},"query-input":{"@type":"PropertyValueSpecification","valueRequired":true,"valueName":"search_term_string"}}],"inLanguage":"de"},{"@type":"Organization","@id":"https:\/\/fsphilpol.fk14.tu-dortmund.de\/#organization","name":"Fachschaft Philosophie und Politikwissenschaft der TU Dortmund","url":"https:\/\/fsphilpol.fk14.tu-dortmund.de\/","logo":{"@type":"ImageObject","inLanguage":"de","@id":"https:\/\/fsphilpol.fk14.tu-dortmund.de\/#\/schema\/logo\/image\/","url":"https:\/\/fsphilpol.fk14.tu-dortmund.de\/wp-content\/uploads\/2021\/02\/cropped-cropped-fachschaft-logo-scaled-4.jpg","contentUrl":"https:\/\/fsphilpol.fk14.tu-dortmund.de\/wp-content\/uploads\/2021\/02\/cropped-cropped-fachschaft-logo-scaled-4.jpg","width":512,"height":512,"caption":"Fachschaft Philosophie und Politikwissenschaft der TU Dortmund"},"image":{"@id":"https:\/\/fsphilpol.fk14.tu-dortmund.de\/#\/schema\/logo\/image\/"}}]}},"_links":{"self":[{"href":"https:\/\/fsphilpol.fk14.tu-dortmund.de\/index.php\/wp-json\/wp\/v2\/pages\/71","targetHints":{"allow":["GET"]}}],"collection":[{"href":"https:\/\/fsphilpol.fk14.tu-dortmund.de\/index.php\/wp-json\/wp\/v2\/pages"}],"about":[{"href":"https:\/\/fsphilpol.fk14.tu-dortmund.de\/index.php\/wp-json\/wp\/v2\/types\/page"}],"author":[{"embeddable":true,"href":"https:\/\/fsphilpol.fk14.tu-dortmund.de\/index.php\/wp-json\/wp\/v2\/users\/2"}],"replies":[{"embeddable":true,"href":"https:\/\/fsphilpol.fk14.tu-dortmund.de\/index.php\/wp-json\/wp\/v2\/comments?post=71"}],"version-history":[{"count":22,"href":"https:\/\/fsphilpol.fk14.tu-dortmund.de\/index.php\/wp-json\/wp\/v2\/pages\/71\/revisions"}],"predecessor-version":[{"id":610,"href":"https:\/\/fsphilpol.fk14.tu-dortmund.de\/index.php\/wp-json\/wp\/v2\/pages\/71\/revisions\/610"}],"wp:attachment":[{"href":"https:\/\/fsphilpol.fk14.tu-dortmund.de\/index.php\/wp-json\/wp\/v2\/media?parent=71"}],"curies":[{"name":"wp","href":"https:\/\/api.w.org\/{rel}","templated":true}]}}