{"id":70,"date":"2021-02-28T18:15:25","date_gmt":"2021-02-28T17:15:25","guid":{"rendered":"https:\/\/fsphilpol.fk14.tu-dortmund.de\/?page_id=70"},"modified":"2026-01-29T08:03:48","modified_gmt":"2026-01-29T07:03:48","slug":"fachschaftsrat","status":"publish","type":"page","link":"https:\/\/fsphilpol.fk14.tu-dortmund.de\/index.php\/fachschaftsrat\/","title":{"rendered":"Fachschaftsrat"},"content":{"rendered":"\n<p><mark style=\"background-color:rgba(0, 0, 0, 0);color:#649600\" class=\"has-inline-color\"><strong>Was ist die Fachschaft?<\/strong><\/mark><\/p>\n\n\n\n<p>Die Fachschaft seid im Prinzip ihr alle, also die Studierenden der Philosophie auf Lehramt, als Nebenfach und im MAPP\/MAREPOL (Master Philosophie und Politikwissenschaft\/Master Religion und Politik).<\/p>\n\n\n\n<p><mark style=\"background-color:rgba(0, 0, 0, 0);color:#649600\" class=\"has-inline-color\"><strong>Was ist der Fachschaftsrat?<\/strong><\/mark><\/p>\n\n\n\n<p>In den Fachschaftsrat kann sich jeder, der der Fachschaft angeh\u00f6rt reinw\u00e4hlen lassen. Das geschieht bei sogenannten FVVs also Fachschaftsvollversammlungen. <br>Der Rat steht allen Studierenden f\u00fcr Fragen zur Verf\u00fcgung und k\u00fcmmert sich zum Beispiel um die Organisation der O-Phase oder Kneipenabende.<\/p>\n\n\n\n<p>Der Fachschaftsrat trifft sich einigerma\u00dfen regelm\u00e4\u00dfig (im Moment \u00fcber Zoom). Dort werden Probleme von Studierenden besprochen, Aktivit\u00e4ten geplant und einfach nur gequatscht. Personen, die im Fachschaftsrat sind, k\u00f6nnen auch eines der \u00c4mter \u00fcbernehmen. <\/p>\n\n\n\n<p><mark style=\"background-color:rgba(0, 0, 0, 0);color:#649600\" class=\"has-inline-color\"><strong>\u00c4mter<\/strong>:<\/mark><\/p>\n\n\n\n<ul class=\"wp-block-list\">\n<li>Vorsitzender: Jo\u00e3o Gabriel Binek<\/li>\n\n\n\n<li>Stellvertretende Vorsitzende: Leslie L\u00e9a Bakidi Kiala<\/li>\n\n\n\n<li>Kassenwartin: Eliza Brahimi<\/li>\n\n\n\n<li>Stellvertretender Kassenwart: Anna Walfort<\/li>\n\n\n\n<li>Finanzreferent: Luca Werth<\/li>\n\n\n\n<li>Stellvertretender Finanzreferent: Andreas Johannes Dederichs<\/li>\n<\/ul>\n\n\n\n<p>Die Vorsitzenden sind sozusagen die Sprecher f\u00fcr die Fachschaft, sie \u00fcbernehmen zum Beispiel die Leitung der Fachschaftsratssitzungen. Die Kassenwarte kontrollieren das Konto der Fachschaft und die Finanzreferenten schauen, dass die Ausgaben sachlich richtig get\u00e4tigt werden.<\/p>\n\n\n\n<p><strong><span style=\"color:#649600\" class=\"has-inline-color\">Wie kann ich mitmachen?<\/span><\/strong><\/p>\n\n\n\n<p>Wenn du Lust hast, selbst ein Mitglied des Fachschaftsrats zu werden, dann kannst du dich jederzeit \u00fcber Discord oder Mail an uns wenden. <\/p>\n\n\n\n<p>Unsere n\u00e4chste FVV: Termin wird noch bekannt gegeben.<\/p>\n\n\n\n<p><\/p>\n\n\n\n<p><\/p>\n\n\n\n<p><\/p>\n","protected":false},"excerpt":{"rendered":"<p>Was ist die Fachschaft? Die Fachschaft seid im Prinzip ihr alle, also die Studierenden der Philosophie auf Lehramt, als Nebenfach und im MAPP\/MAREPOL (Master Philosophie und Politikwissenschaft\/Master Religion und Politik). Was ist der Fachschaftsrat? In den Fachschaftsrat kann sich jeder, der der Fachschaft angeh\u00f6rt reinw\u00e4hlen lassen. Das geschieht bei sogenannten FVVs also Fachschaftsvollversammlungen. Der Rat [&hellip;]<\/p>\n","protected":false},"author":2,"featured_media":0,"parent":0,"menu_order":0,"comment_status":"closed","ping_status":"closed","template":"","meta":{"footnotes":""},"class_list":["post-70","page","type-page","status-publish","hentry"],"yoast_head":"<!-- This site is optimized with the Yoast SEO plugin v27.3 - https:\/\/yoast.com\/product\/yoast-seo-wordpress\/ -->\n<title>Fachschaftsrat - Fachschaft Philosophie und Politikwissenschaft<\/title>\n<meta name=\"description\" content=\"Fachschaft Philosophie und Politikwissenschaft - Offizielle Webseite der Fachschaft Philosophie und Politikwissenschaft an der TU Dortmund, an der Fakult\u00e4t f\u00fcr Humanwissenschaften und Theologie\" \/>\n<meta name=\"robots\" content=\"index, follow, max-snippet:-1, max-image-preview:large, max-video-preview:-1\" \/>\n<link rel=\"canonical\" href=\"https:\/\/fsphilpol.fk14.tu-dortmund.de\/index.php\/fachschaftsrat\/\" \/>\n<meta property=\"og:locale\" content=\"de_DE\" \/>\n<meta property=\"og:type\" content=\"article\" \/>\n<meta property=\"og:title\" content=\"Fachschaftsrat - Fachschaft Philosophie und Politikwissenschaft\" \/>\n<meta property=\"og:description\" content=\"Fachschaft Philosophie und Politikwissenschaft - Offizielle Webseite der Fachschaft Philosophie und Politikwissenschaft an der TU Dortmund, an der Fakult\u00e4t f\u00fcr Humanwissenschaften und Theologie\" \/>\n<meta property=\"og:url\" content=\"https:\/\/fsphilpol.fk14.tu-dortmund.de\/index.php\/fachschaftsrat\/\" \/>\n<meta property=\"og:site_name\" content=\"Fachschaft Philosophie und Politikwissenschaft\" \/>\n<meta property=\"article:modified_time\" content=\"2026-01-29T07:03:48+00:00\" \/>\n<meta name=\"twitter:card\" content=\"summary_large_image\" \/>\n<meta name=\"twitter:label1\" content=\"Gesch\u00e4tzte Lesezeit\" \/>\n\t<meta name=\"twitter:data1\" content=\"2\u00a0Minuten\" \/>\n<script type=\"application\/ld+json\" class=\"yoast-schema-graph\">{\"@context\":\"https:\\\/\\\/schema.org\",\"@graph\":[{\"@type\":\"WebPage\",\"@id\":\"https:\\\/\\\/fsphilpol.fk14.tu-dortmund.de\\\/index.php\\\/fachschaftsrat\\\/\",\"url\":\"https:\\\/\\\/fsphilpol.fk14.tu-dortmund.de\\\/index.php\\\/fachschaftsrat\\\/\",\"name\":\"Fachschaftsrat - Fachschaft Philosophie und Politikwissenschaft\",\"isPartOf\":{\"@id\":\"https:\\\/\\\/fsphilpol.fk14.tu-dortmund.de\\\/#website\"},\"datePublished\":\"2021-02-28T17:15:25+00:00\",\"dateModified\":\"2026-01-29T07:03:48+00:00\",\"description\":\"Fachschaft Philosophie und Politikwissenschaft - Offizielle Webseite der Fachschaft Philosophie und Politikwissenschaft an der TU Dortmund, an der Fakult\u00e4t f\u00fcr Humanwissenschaften und Theologie\",\"breadcrumb\":{\"@id\":\"https:\\\/\\\/fsphilpol.fk14.tu-dortmund.de\\\/index.php\\\/fachschaftsrat\\\/#breadcrumb\"},\"inLanguage\":\"de\",\"potentialAction\":[{\"@type\":\"ReadAction\",\"target\":[\"https:\\\/\\\/fsphilpol.fk14.tu-dortmund.de\\\/index.php\\\/fachschaftsrat\\\/\"]}]},{\"@type\":\"BreadcrumbList\",\"@id\":\"https:\\\/\\\/fsphilpol.fk14.tu-dortmund.de\\\/index.php\\\/fachschaftsrat\\\/#breadcrumb\",\"itemListElement\":[{\"@type\":\"ListItem\",\"position\":1,\"name\":\"Startseite\",\"item\":\"https:\\\/\\\/fsphilpol.fk14.tu-dortmund.de\\\/\"},{\"@type\":\"ListItem\",\"position\":2,\"name\":\"Fachschaftsrat\"}]},{\"@type\":\"WebSite\",\"@id\":\"https:\\\/\\\/fsphilpol.fk14.tu-dortmund.de\\\/#website\",\"url\":\"https:\\\/\\\/fsphilpol.fk14.tu-dortmund.de\\\/\",\"name\":\"Fachschaft Philosophie und Politikwissenschaft\",\"description\":\"TU Dortmund\",\"publisher\":{\"@id\":\"https:\\\/\\\/fsphilpol.fk14.tu-dortmund.de\\\/#organization\"},\"potentialAction\":[{\"@type\":\"SearchAction\",\"target\":{\"@type\":\"EntryPoint\",\"urlTemplate\":\"https:\\\/\\\/fsphilpol.fk14.tu-dortmund.de\\\/?s={search_term_string}\"},\"query-input\":{\"@type\":\"PropertyValueSpecification\",\"valueRequired\":true,\"valueName\":\"search_term_string\"}}],\"inLanguage\":\"de\"},{\"@type\":\"Organization\",\"@id\":\"https:\\\/\\\/fsphilpol.fk14.tu-dortmund.de\\\/#organization\",\"name\":\"Fachschaft Philosophie und Politikwissenschaft der TU Dortmund\",\"url\":\"https:\\\/\\\/fsphilpol.fk14.tu-dortmund.de\\\/\",\"logo\":{\"@type\":\"ImageObject\",\"inLanguage\":\"de\",\"@id\":\"https:\\\/\\\/fsphilpol.fk14.tu-dortmund.de\\\/#\\\/schema\\\/logo\\\/image\\\/\",\"url\":\"https:\\\/\\\/fsphilpol.fk14.tu-dortmund.de\\\/wp-content\\\/uploads\\\/2021\\\/02\\\/cropped-cropped-fachschaft-logo-scaled-4.jpg\",\"contentUrl\":\"https:\\\/\\\/fsphilpol.fk14.tu-dortmund.de\\\/wp-content\\\/uploads\\\/2021\\\/02\\\/cropped-cropped-fachschaft-logo-scaled-4.jpg\",\"width\":512,\"height\":512,\"caption\":\"Fachschaft Philosophie und Politikwissenschaft der TU Dortmund\"},\"image\":{\"@id\":\"https:\\\/\\\/fsphilpol.fk14.tu-dortmund.de\\\/#\\\/schema\\\/logo\\\/image\\\/\"}}]}<\/script>\n<!-- \/ Yoast SEO plugin. -->","yoast_head_json":{"title":"Fachschaftsrat - Fachschaft Philosophie und Politikwissenschaft","description":"Fachschaft Philosophie und Politikwissenschaft - Offizielle Webseite der Fachschaft Philosophie und Politikwissenschaft an der TU Dortmund, an der Fakult\u00e4t f\u00fcr Humanwissenschaften und Theologie","robots":{"index":"index","follow":"follow","max-snippet":"max-snippet:-1","max-image-preview":"max-image-preview:large","max-video-preview":"max-video-preview:-1"},"canonical":"https:\/\/fsphilpol.fk14.tu-dortmund.de\/index.php\/fachschaftsrat\/","og_locale":"de_DE","og_type":"article","og_title":"Fachschaftsrat - Fachschaft Philosophie und Politikwissenschaft","og_description":"Fachschaft Philosophie und Politikwissenschaft - Offizielle Webseite der Fachschaft Philosophie und Politikwissenschaft an der TU Dortmund, an der Fakult\u00e4t f\u00fcr Humanwissenschaften und Theologie","og_url":"https:\/\/fsphilpol.fk14.tu-dortmund.de\/index.php\/fachschaftsrat\/","og_site_name":"Fachschaft Philosophie und Politikwissenschaft","article_modified_time":"2026-01-29T07:03:48+00:00","twitter_card":"summary_large_image","twitter_misc":{"Gesch\u00e4tzte Lesezeit":"2\u00a0Minuten"},"schema":{"@context":"https:\/\/schema.org","@graph":[{"@type":"WebPage","@id":"https:\/\/fsphilpol.fk14.tu-dortmund.de\/index.php\/fachschaftsrat\/","url":"https:\/\/fsphilpol.fk14.tu-dortmund.de\/index.php\/fachschaftsrat\/","name":"Fachschaftsrat - Fachschaft Philosophie und Politikwissenschaft","isPartOf":{"@id":"https:\/\/fsphilpol.fk14.tu-dortmund.de\/#website"},"datePublished":"2021-02-28T17:15:25+00:00","dateModified":"2026-01-29T07:03:48+00:00","description":"Fachschaft Philosophie und Politikwissenschaft - Offizielle Webseite der Fachschaft Philosophie und Politikwissenschaft an der TU Dortmund, an der Fakult\u00e4t f\u00fcr Humanwissenschaften und Theologie","breadcrumb":{"@id":"https:\/\/fsphilpol.fk14.tu-dortmund.de\/index.php\/fachschaftsrat\/#breadcrumb"},"inLanguage":"de","potentialAction":[{"@type":"ReadAction","target":["https:\/\/fsphilpol.fk14.tu-dortmund.de\/index.php\/fachschaftsrat\/"]}]},{"@type":"BreadcrumbList","@id":"https:\/\/fsphilpol.fk14.tu-dortmund.de\/index.php\/fachschaftsrat\/#breadcrumb","itemListElement":[{"@type":"ListItem","position":1,"name":"Startseite","item":"https:\/\/fsphilpol.fk14.tu-dortmund.de\/"},{"@type":"ListItem","position":2,"name":"Fachschaftsrat"}]},{"@type":"WebSite","@id":"https:\/\/fsphilpol.fk14.tu-dortmund.de\/#website","url":"https:\/\/fsphilpol.fk14.tu-dortmund.de\/","name":"Fachschaft Philosophie und Politikwissenschaft","description":"TU Dortmund","publisher":{"@id":"https:\/\/fsphilpol.fk14.tu-dortmund.de\/#organization"},"potentialAction":[{"@type":"SearchAction","target":{"@type":"EntryPoint","urlTemplate":"https:\/\/fsphilpol.fk14.tu-dortmund.de\/?s={search_term_string}"},"query-input":{"@type":"PropertyValueSpecification","valueRequired":true,"valueName":"search_term_string"}}],"inLanguage":"de"},{"@type":"Organization","@id":"https:\/\/fsphilpol.fk14.tu-dortmund.de\/#organization","name":"Fachschaft Philosophie und Politikwissenschaft der TU Dortmund","url":"https:\/\/fsphilpol.fk14.tu-dortmund.de\/","logo":{"@type":"ImageObject","inLanguage":"de","@id":"https:\/\/fsphilpol.fk14.tu-dortmund.de\/#\/schema\/logo\/image\/","url":"https:\/\/fsphilpol.fk14.tu-dortmund.de\/wp-content\/uploads\/2021\/02\/cropped-cropped-fachschaft-logo-scaled-4.jpg","contentUrl":"https:\/\/fsphilpol.fk14.tu-dortmund.de\/wp-content\/uploads\/2021\/02\/cropped-cropped-fachschaft-logo-scaled-4.jpg","width":512,"height":512,"caption":"Fachschaft Philosophie und Politikwissenschaft der TU Dortmund"},"image":{"@id":"https:\/\/fsphilpol.fk14.tu-dortmund.de\/#\/schema\/logo\/image\/"}}]}},"_links":{"self":[{"href":"https:\/\/fsphilpol.fk14.tu-dortmund.de\/index.php\/wp-json\/wp\/v2\/pages\/70","targetHints":{"allow":["GET"]}}],"collection":[{"href":"https:\/\/fsphilpol.fk14.tu-dortmund.de\/index.php\/wp-json\/wp\/v2\/pages"}],"about":[{"href":"https:\/\/fsphilpol.fk14.tu-dortmund.de\/index.php\/wp-json\/wp\/v2\/types\/page"}],"author":[{"embeddable":true,"href":"https:\/\/fsphilpol.fk14.tu-dortmund.de\/index.php\/wp-json\/wp\/v2\/users\/2"}],"replies":[{"embeddable":true,"href":"https:\/\/fsphilpol.fk14.tu-dortmund.de\/index.php\/wp-json\/wp\/v2\/comments?post=70"}],"version-history":[{"count":12,"href":"https:\/\/fsphilpol.fk14.tu-dortmund.de\/index.php\/wp-json\/wp\/v2\/pages\/70\/revisions"}],"predecessor-version":[{"id":695,"href":"https:\/\/fsphilpol.fk14.tu-dortmund.de\/index.php\/wp-json\/wp\/v2\/pages\/70\/revisions\/695"}],"wp:attachment":[{"href":"https:\/\/fsphilpol.fk14.tu-dortmund.de\/index.php\/wp-json\/wp\/v2\/media?parent=70"}],"curies":[{"name":"wp","href":"https:\/\/api.w.org\/{rel}","templated":true}]}}