{"id":68,"date":"2021-02-28T18:15:25","date_gmt":"2021-02-28T17:15:25","guid":{"rendered":"https:\/\/fsphilpol.fk14.tu-dortmund.de\/?page_id=68"},"modified":"2026-01-29T07:58:22","modified_gmt":"2026-01-29T06:58:22","slug":"startseite","status":"publish","type":"page","link":"https:\/\/fsphilpol.fk14.tu-dortmund.de\/","title":{"rendered":"Startseite"},"content":{"rendered":"\n<p class=\"has-text-color\" style=\"color:#6eff00\"><mark style=\"background-color:rgba(0, 0, 0, 0);color:#649600\" class=\"has-inline-color\"><strong>Sch\u00f6n, dass ihr die Website der Fachschaft Philosophie und Politikwissenschaft gefunden h<\/strong><\/mark><strong><mark style=\"background-color:rgba(0, 0, 0, 0);color:#649600\" class=\"has-inline-color\">abt!<\/mark><\/strong><\/p>\n\n\n\n<div style=\"height:31px\" aria-hidden=\"true\" class=\"wp-block-spacer\"><\/div>\n\n\n\n<p>Wenn ihr Philosophie auf Lehramt, im Nebenfach oder im MAPP\/MAREPOL studiert, dann seid ihr hier richtig. <\/p>\n\n\n\n<p>Wir (der Fachschaftsrat) versuchen euch mit Rat und Tat zur Seite zu stehen. Einen guten Ausgangspunkt soll diese Website bieten, auf der wir uns selbst vorstellen, Links zu den wichtigen Online-Diensten der TU sammeln und unsere Hilfe anbieten.<\/p>\n\n\n\n<p>Da wir selbst Studierende sind, wissen wir, wie schwierig es ist zu studieren und dass man sich an einer so gro\u00dfen Universit\u00e4t schnell alleine gelassen f\u00fchlt. Darum m\u00f6chten wir euch so gut es geht helfen, indem wir entweder eure Probleme mit euch l\u00f6sen, als Vermittlung zwischen euch und den Dozierenden fungieren oder euch zu den Personen weiterleiten, die euch besser helfen k\u00f6nnen als wir.<\/p>\n\n\n\n<p><\/p>\n\n\n\n<p><\/p>\n\n\n\n<p><\/p>\n\n\n\n<p><\/p>\n\n\n\n<p><\/p>\n","protected":false},"excerpt":{"rendered":"<p>Sch\u00f6n, dass ihr die Website der Fachschaft Philosophie und Politikwissenschaft gefunden habt! Wenn ihr Philosophie auf Lehramt, im Nebenfach oder im MAPP\/MAREPOL studiert, dann seid ihr hier richtig. Wir (der Fachschaftsrat) versuchen euch mit Rat und Tat zur Seite zu stehen. Einen guten Ausgangspunkt soll diese Website bieten, auf der wir uns selbst vorstellen, Links [&hellip;]<\/p>\n","protected":false},"author":2,"featured_media":0,"parent":0,"menu_order":0,"comment_status":"closed","ping_status":"closed","template":"","meta":{"footnotes":""},"class_list":["post-68","page","type-page","status-publish","hentry"],"yoast_head":"<!-- This site is optimized with the Yoast SEO plugin v27.3 - https:\/\/yoast.com\/product\/yoast-seo-wordpress\/ -->\n<title>Startseite - Fachschaft Philosophie und Politikwissenschaft<\/title>\n<meta name=\"description\" content=\"Fachschaft Philosophie und Politikwissenschaft - Offizielle Webseite der Fachschaft Philosophie und Politikwissenschaft an der TU Dortmund, an der Fakult\u00e4t f\u00fcr Humanwissenschaften und Theologie\" \/>\n<meta name=\"robots\" content=\"index, follow, max-snippet:-1, max-image-preview:large, max-video-preview:-1\" \/>\n<link rel=\"canonical\" href=\"https:\/\/fsphilpol.fk14.tu-dortmund.de\/\" \/>\n<meta property=\"og:locale\" content=\"de_DE\" \/>\n<meta property=\"og:type\" content=\"article\" \/>\n<meta property=\"og:title\" content=\"Startseite - Fachschaft Philosophie und Politikwissenschaft\" \/>\n<meta property=\"og:description\" content=\"Fachschaft Philosophie und Politikwissenschaft - Offizielle Webseite der Fachschaft Philosophie und Politikwissenschaft an der TU Dortmund, an der Fakult\u00e4t f\u00fcr Humanwissenschaften und Theologie\" \/>\n<meta property=\"og:url\" content=\"https:\/\/fsphilpol.fk14.tu-dortmund.de\/\" \/>\n<meta property=\"og:site_name\" content=\"Fachschaft Philosophie und Politikwissenschaft\" \/>\n<meta property=\"article:modified_time\" content=\"2026-01-29T06:58:22+00:00\" \/>\n<meta name=\"twitter:card\" content=\"summary_large_image\" \/>\n<meta name=\"twitter:label1\" content=\"Gesch\u00e4tzte Lesezeit\" \/>\n\t<meta name=\"twitter:data1\" content=\"1\u00a0Minute\" \/>\n<script type=\"application\/ld+json\" class=\"yoast-schema-graph\">{\"@context\":\"https:\\\/\\\/schema.org\",\"@graph\":[{\"@type\":\"WebPage\",\"@id\":\"https:\\\/\\\/fsphilpol.fk14.tu-dortmund.de\\\/\",\"url\":\"https:\\\/\\\/fsphilpol.fk14.tu-dortmund.de\\\/\",\"name\":\"Startseite - Fachschaft Philosophie und Politikwissenschaft\",\"isPartOf\":{\"@id\":\"https:\\\/\\\/fsphilpol.fk14.tu-dortmund.de\\\/#website\"},\"datePublished\":\"2021-02-28T17:15:25+00:00\",\"dateModified\":\"2026-01-29T06:58:22+00:00\",\"description\":\"Fachschaft Philosophie und Politikwissenschaft - Offizielle Webseite der Fachschaft Philosophie und Politikwissenschaft an der TU Dortmund, an der Fakult\u00e4t f\u00fcr Humanwissenschaften und Theologie\",\"breadcrumb\":{\"@id\":\"https:\\\/\\\/fsphilpol.fk14.tu-dortmund.de\\\/#breadcrumb\"},\"inLanguage\":\"de\",\"potentialAction\":[{\"@type\":\"ReadAction\",\"target\":[\"https:\\\/\\\/fsphilpol.fk14.tu-dortmund.de\\\/\"]}]},{\"@type\":\"BreadcrumbList\",\"@id\":\"https:\\\/\\\/fsphilpol.fk14.tu-dortmund.de\\\/#breadcrumb\",\"itemListElement\":[{\"@type\":\"ListItem\",\"position\":1,\"name\":\"Startseite\",\"item\":\"https:\\\/\\\/fsphilpol.fk14.tu-dortmund.de\\\/\"},{\"@type\":\"ListItem\",\"position\":2,\"name\":\"Startseite\"}]},{\"@type\":\"WebSite\",\"@id\":\"https:\\\/\\\/fsphilpol.fk14.tu-dortmund.de\\\/#website\",\"url\":\"https:\\\/\\\/fsphilpol.fk14.tu-dortmund.de\\\/\",\"name\":\"Fachschaft Philosophie und Politikwissenschaft\",\"description\":\"TU Dortmund\",\"publisher\":{\"@id\":\"https:\\\/\\\/fsphilpol.fk14.tu-dortmund.de\\\/#organization\"},\"potentialAction\":[{\"@type\":\"SearchAction\",\"target\":{\"@type\":\"EntryPoint\",\"urlTemplate\":\"https:\\\/\\\/fsphilpol.fk14.tu-dortmund.de\\\/?s={search_term_string}\"},\"query-input\":{\"@type\":\"PropertyValueSpecification\",\"valueRequired\":true,\"valueName\":\"search_term_string\"}}],\"inLanguage\":\"de\"},{\"@type\":\"Organization\",\"@id\":\"https:\\\/\\\/fsphilpol.fk14.tu-dortmund.de\\\/#organization\",\"name\":\"Fachschaft Philosophie und Politikwissenschaft der TU Dortmund\",\"url\":\"https:\\\/\\\/fsphilpol.fk14.tu-dortmund.de\\\/\",\"logo\":{\"@type\":\"ImageObject\",\"inLanguage\":\"de\",\"@id\":\"https:\\\/\\\/fsphilpol.fk14.tu-dortmund.de\\\/#\\\/schema\\\/logo\\\/image\\\/\",\"url\":\"https:\\\/\\\/fsphilpol.fk14.tu-dortmund.de\\\/wp-content\\\/uploads\\\/2021\\\/02\\\/cropped-cropped-fachschaft-logo-scaled-4.jpg\",\"contentUrl\":\"https:\\\/\\\/fsphilpol.fk14.tu-dortmund.de\\\/wp-content\\\/uploads\\\/2021\\\/02\\\/cropped-cropped-fachschaft-logo-scaled-4.jpg\",\"width\":512,\"height\":512,\"caption\":\"Fachschaft Philosophie und Politikwissenschaft der TU Dortmund\"},\"image\":{\"@id\":\"https:\\\/\\\/fsphilpol.fk14.tu-dortmund.de\\\/#\\\/schema\\\/logo\\\/image\\\/\"}}]}<\/script>\n<!-- \/ Yoast SEO plugin. -->","yoast_head_json":{"title":"Startseite - Fachschaft Philosophie und Politikwissenschaft","description":"Fachschaft Philosophie und Politikwissenschaft - Offizielle Webseite der Fachschaft Philosophie und Politikwissenschaft an der TU Dortmund, an der Fakult\u00e4t f\u00fcr Humanwissenschaften und Theologie","robots":{"index":"index","follow":"follow","max-snippet":"max-snippet:-1","max-image-preview":"max-image-preview:large","max-video-preview":"max-video-preview:-1"},"canonical":"https:\/\/fsphilpol.fk14.tu-dortmund.de\/","og_locale":"de_DE","og_type":"article","og_title":"Startseite - Fachschaft Philosophie und Politikwissenschaft","og_description":"Fachschaft Philosophie und Politikwissenschaft - Offizielle Webseite der Fachschaft Philosophie und Politikwissenschaft an der TU Dortmund, an der Fakult\u00e4t f\u00fcr Humanwissenschaften und Theologie","og_url":"https:\/\/fsphilpol.fk14.tu-dortmund.de\/","og_site_name":"Fachschaft Philosophie und Politikwissenschaft","article_modified_time":"2026-01-29T06:58:22+00:00","twitter_card":"summary_large_image","twitter_misc":{"Gesch\u00e4tzte Lesezeit":"1\u00a0Minute"},"schema":{"@context":"https:\/\/schema.org","@graph":[{"@type":"WebPage","@id":"https:\/\/fsphilpol.fk14.tu-dortmund.de\/","url":"https:\/\/fsphilpol.fk14.tu-dortmund.de\/","name":"Startseite - Fachschaft Philosophie und Politikwissenschaft","isPartOf":{"@id":"https:\/\/fsphilpol.fk14.tu-dortmund.de\/#website"},"datePublished":"2021-02-28T17:15:25+00:00","dateModified":"2026-01-29T06:58:22+00:00","description":"Fachschaft Philosophie und Politikwissenschaft - Offizielle Webseite der Fachschaft Philosophie und Politikwissenschaft an der TU Dortmund, an der Fakult\u00e4t f\u00fcr Humanwissenschaften und Theologie","breadcrumb":{"@id":"https:\/\/fsphilpol.fk14.tu-dortmund.de\/#breadcrumb"},"inLanguage":"de","potentialAction":[{"@type":"ReadAction","target":["https:\/\/fsphilpol.fk14.tu-dortmund.de\/"]}]},{"@type":"BreadcrumbList","@id":"https:\/\/fsphilpol.fk14.tu-dortmund.de\/#breadcrumb","itemListElement":[{"@type":"ListItem","position":1,"name":"Startseite","item":"https:\/\/fsphilpol.fk14.tu-dortmund.de\/"},{"@type":"ListItem","position":2,"name":"Startseite"}]},{"@type":"WebSite","@id":"https:\/\/fsphilpol.fk14.tu-dortmund.de\/#website","url":"https:\/\/fsphilpol.fk14.tu-dortmund.de\/","name":"Fachschaft Philosophie und Politikwissenschaft","description":"TU Dortmund","publisher":{"@id":"https:\/\/fsphilpol.fk14.tu-dortmund.de\/#organization"},"potentialAction":[{"@type":"SearchAction","target":{"@type":"EntryPoint","urlTemplate":"https:\/\/fsphilpol.fk14.tu-dortmund.de\/?s={search_term_string}"},"query-input":{"@type":"PropertyValueSpecification","valueRequired":true,"valueName":"search_term_string"}}],"inLanguage":"de"},{"@type":"Organization","@id":"https:\/\/fsphilpol.fk14.tu-dortmund.de\/#organization","name":"Fachschaft Philosophie und Politikwissenschaft der TU Dortmund","url":"https:\/\/fsphilpol.fk14.tu-dortmund.de\/","logo":{"@type":"ImageObject","inLanguage":"de","@id":"https:\/\/fsphilpol.fk14.tu-dortmund.de\/#\/schema\/logo\/image\/","url":"https:\/\/fsphilpol.fk14.tu-dortmund.de\/wp-content\/uploads\/2021\/02\/cropped-cropped-fachschaft-logo-scaled-4.jpg","contentUrl":"https:\/\/fsphilpol.fk14.tu-dortmund.de\/wp-content\/uploads\/2021\/02\/cropped-cropped-fachschaft-logo-scaled-4.jpg","width":512,"height":512,"caption":"Fachschaft Philosophie und Politikwissenschaft der TU Dortmund"},"image":{"@id":"https:\/\/fsphilpol.fk14.tu-dortmund.de\/#\/schema\/logo\/image\/"}}]}},"_links":{"self":[{"href":"https:\/\/fsphilpol.fk14.tu-dortmund.de\/index.php\/wp-json\/wp\/v2\/pages\/68","targetHints":{"allow":["GET"]}}],"collection":[{"href":"https:\/\/fsphilpol.fk14.tu-dortmund.de\/index.php\/wp-json\/wp\/v2\/pages"}],"about":[{"href":"https:\/\/fsphilpol.fk14.tu-dortmund.de\/index.php\/wp-json\/wp\/v2\/types\/page"}],"author":[{"embeddable":true,"href":"https:\/\/fsphilpol.fk14.tu-dortmund.de\/index.php\/wp-json\/wp\/v2\/users\/2"}],"replies":[{"embeddable":true,"href":"https:\/\/fsphilpol.fk14.tu-dortmund.de\/index.php\/wp-json\/wp\/v2\/comments?post=68"}],"version-history":[{"count":43,"href":"https:\/\/fsphilpol.fk14.tu-dortmund.de\/index.php\/wp-json\/wp\/v2\/pages\/68\/revisions"}],"predecessor-version":[{"id":693,"href":"https:\/\/fsphilpol.fk14.tu-dortmund.de\/index.php\/wp-json\/wp\/v2\/pages\/68\/revisions\/693"}],"wp:attachment":[{"href":"https:\/\/fsphilpol.fk14.tu-dortmund.de\/index.php\/wp-json\/wp\/v2\/media?parent=68"}],"curies":[{"name":"wp","href":"https:\/\/api.w.org\/{rel}","templated":true}]}}